{"id":731,"date":"2025-12-14T17:57:00","date_gmt":"2025-12-14T22:57:00","guid":{"rendered":"https:\/\/ishopec.com\/?post_type=product&#038;p=731"},"modified":"2025-12-16T22:34:00","modified_gmt":"2025-12-17T03:34:00","slug":"amazon-fire-stick-4k","status":"publish","type":"product","link":"https:\/\/ishopec.com\/?product=amazon-fire-stick-4k","title":{"rendered":"Amazon Fire Stick 4K"},"content":{"rendered":"<p><img fetchpriority=\"high\" decoding=\"async\" class=\"aligncenter wp-image-2441 size-full\" src=\"https:\/\/ishopec.com\/wp-content\/uploads\/2025\/12\/fire-stick-scaled.png\" alt=\"\" width=\"2560\" height=\"2560\" srcset=\"https:\/\/ishopec.com\/wp-content\/uploads\/2025\/12\/fire-stick-scaled.png 2560w, https:\/\/ishopec.com\/wp-content\/uploads\/2025\/12\/fire-stick-300x300.png 300w, https:\/\/ishopec.com\/wp-content\/uploads\/2025\/12\/fire-stick-1024x1024.png 1024w, https:\/\/ishopec.com\/wp-content\/uploads\/2025\/12\/fire-stick-150x150.png 150w, https:\/\/ishopec.com\/wp-content\/uploads\/2025\/12\/fire-stick-768x768.png 768w, https:\/\/ishopec.com\/wp-content\/uploads\/2025\/12\/fire-stick-1536x1536.png 1536w, https:\/\/ishopec.com\/wp-content\/uploads\/2025\/12\/fire-stick-2048x2048.png 2048w, https:\/\/ishopec.com\/wp-content\/uploads\/2025\/12\/fire-stick-600x600.png 600w, https:\/\/ishopec.com\/wp-content\/uploads\/2025\/12\/fire-stick-350x350.png 350w, https:\/\/ishopec.com\/wp-content\/uploads\/2025\/12\/fire-stick-800x800.png 800w, https:\/\/ishopec.com\/wp-content\/uploads\/2025\/12\/fire-stick-100x100.png 100w\" sizes=\"(max-width: 2560px) 100vw, 2560px\" \/><\/p>\n","protected":false},"excerpt":{"rendered":"<p style=\"text-align: center;\">Sum\u00e9rgete en el contenido 4K Ultra HD como si estuvieras en el cine. Gracias al nuevo procesador Quad-Core de 1.8 GHz, el Fire TV Stick 4K es un 40% m\u00e1s potente, las apps se inician m\u00e1s r\u00e1pido y la navegaci\u00f3n es m\u00e1s fluida al cambiar de apps y buscar contenido. Disfruta de colores v\u00edvidos y realistas con las opciones de compatibilidad de Dolby Vision, HDR 10, HDR10+ y audio inmersivo Dolby Atmos.<\/p>\n","protected":false},"featured_media":2441,"template":"","meta":{"ocean_post_layout":"","ocean_both_sidebars_style":"","ocean_both_sidebars_content_width":0,"ocean_both_sidebars_sidebars_width":0,"ocean_sidebar":"0","ocean_second_sidebar":"0","ocean_disable_margins":"enable","ocean_add_body_class":"","ocean_shortcode_before_top_bar":"","ocean_shortcode_after_top_bar":"","ocean_shortcode_before_header":"","ocean_shortcode_after_header":"","ocean_has_shortcode":"","ocean_shortcode_after_title":"","ocean_shortcode_before_footer_widgets":"","ocean_shortcode_after_footer_widgets":"","ocean_shortcode_before_footer_bottom":"","ocean_shortcode_after_footer_bottom":"","ocean_display_top_bar":"default","ocean_display_header":"default","ocean_header_style":"","ocean_center_header_left_menu":"0","ocean_custom_header_template":"0","ocean_custom_logo":0,"ocean_custom_retina_logo":0,"ocean_custom_logo_max_width":0,"ocean_custom_logo_tablet_max_width":0,"ocean_custom_logo_mobile_max_width":0,"ocean_custom_logo_max_height":0,"ocean_custom_logo_tablet_max_height":0,"ocean_custom_logo_mobile_max_height":0,"ocean_header_custom_menu":"0","ocean_menu_typo_font_family":"0","ocean_menu_typo_font_subset":"","ocean_menu_typo_font_size":0,"ocean_menu_typo_font_size_tablet":0,"ocean_menu_typo_font_size_mobile":0,"ocean_menu_typo_font_size_unit":"px","ocean_menu_typo_font_weight":"","ocean_menu_typo_font_weight_tablet":"","ocean_menu_typo_font_weight_mobile":"","ocean_menu_typo_transform":"","ocean_menu_typo_transform_tablet":"","ocean_menu_typo_transform_mobile":"","ocean_menu_typo_line_height":0,"ocean_menu_typo_line_height_tablet":0,"ocean_menu_typo_line_height_mobile":0,"ocean_menu_typo_line_height_unit":"","ocean_menu_typo_spacing":0,"ocean_menu_typo_spacing_tablet":0,"ocean_menu_typo_spacing_mobile":0,"ocean_menu_typo_spacing_unit":"","ocean_menu_link_color":"","ocean_menu_link_color_hover":"","ocean_menu_link_color_active":"","ocean_menu_link_background":"","ocean_menu_link_hover_background":"","ocean_menu_link_active_background":"","ocean_menu_social_links_bg":"","ocean_menu_social_hover_links_bg":"","ocean_menu_social_links_color":"","ocean_menu_social_hover_links_color":"","ocean_disable_title":"default","ocean_disable_heading":"default","ocean_post_title":"","ocean_post_subheading":"","ocean_post_title_style":"","ocean_post_title_background_color":"","ocean_post_title_background":0,"ocean_post_title_bg_image_position":"","ocean_post_title_bg_image_attachment":"","ocean_post_title_bg_image_repeat":"","ocean_post_title_bg_image_size":"","ocean_post_title_height":0,"ocean_post_title_bg_overlay":0.5,"ocean_post_title_bg_overlay_color":"","ocean_disable_breadcrumbs":"default","ocean_breadcrumbs_color":"","ocean_breadcrumbs_separator_color":"","ocean_breadcrumbs_links_color":"","ocean_breadcrumbs_links_hover_color":"","ocean_display_footer_widgets":"default","ocean_display_footer_bottom":"default","ocean_custom_footer_template":"0"},"product_brand":[],"product_cat":[15],"product_tag":[],"class_list":{"0":"post-731","1":"product","2":"type-product","3":"status-publish","4":"has-post-thumbnail","6":"product_cat-sin-categorizar","8":"entry","9":"has-media","11":"first","12":"instock","13":"sale","14":"sold-individually","15":"taxable","16":"shipping-taxable","17":"purchasable","18":"product-type-simple","19":"col","20":"span_1_of_3","21":"owp-content-center","22":"item-entry","23":"owp-thumbs-layout-horizontal","24":"owp-btn-normal","25":"owp-tabs-layout-section","26":"has-no-thumbnails"},"_links":{"self":[{"href":"https:\/\/ishopec.com\/index.php?rest_route=\/wp\/v2\/product\/731","targetHints":{"allow":["GET"]}}],"collection":[{"href":"https:\/\/ishopec.com\/index.php?rest_route=\/wp\/v2\/product"}],"about":[{"href":"https:\/\/ishopec.com\/index.php?rest_route=\/wp\/v2\/types\/product"}],"wp:featuredmedia":[{"embeddable":true,"href":"https:\/\/ishopec.com\/index.php?rest_route=\/wp\/v2\/media\/2441"}],"wp:attachment":[{"href":"https:\/\/ishopec.com\/index.php?rest_route=%2Fwp%2Fv2%2Fmedia&parent=731"}],"wp:term":[{"taxonomy":"product_brand","embeddable":true,"href":"https:\/\/ishopec.com\/index.php?rest_route=%2Fwp%2Fv2%2Fproduct_brand&post=731"},{"taxonomy":"product_cat","embeddable":true,"href":"https:\/\/ishopec.com\/index.php?rest_route=%2Fwp%2Fv2%2Fproduct_cat&post=731"},{"taxonomy":"product_tag","embeddable":true,"href":"https:\/\/ishopec.com\/index.php?rest_route=%2Fwp%2Fv2%2Fproduct_tag&post=731"}],"curies":[{"name":"wp","href":"https:\/\/api.w.org\/{rel}","templated":true}]}}