{"id":2798,"date":"2025-12-22T22:24:03","date_gmt":"2025-12-23T03:24:03","guid":{"rendered":"https:\/\/ishopec.com\/?post_type=product&#038;p=2798"},"modified":"2025-12-22T22:35:55","modified_gmt":"2025-12-23T03:35:55","slug":"disco-ssd-kingston","status":"publish","type":"product","link":"https:\/\/ishopec.com\/?product=disco-ssd-kingston","title":{"rendered":"Disco SSD Kingston"},"content":{"rendered":"<div class=\"c-heading\">\n<div class=\"c-heading__block\">\n<div class=\"c-heading__block__header\">\n<h1 id=\"headline\" style=\"text-align: center;\">Disco SSD SATA A400<\/h1>\n<h3 style=\"text-align: center;\"><strong>NUEVOS DE PAQUETE CON GARANT\u00cdA<\/strong><\/h3>\n<\/div>\n<\/div>\n<\/div>\n<div class=\"l-inner\">\n<div class=\"s-productLite__intro\">\n<p style=\"text-align: center;\">La unidad A400 de estado s\u00f3lido de Kingston ofrece enormes mejoras en la velocidad de respuesta, sin actualizaciones adicionales del hardware. Brinda lapsos de arranque, carga y de transferencia de archivos incre\u00edblemente m\u00e1s breves en comparaci\u00f3n con las unidades de disco duro mec\u00e1nico. Apoyada en su controlador de la m\u00e1s reciente generaci\u00f3n, que ofrece velocidades de lectura y escritura de hasta 500 MB\/s y 450 MB\/s<sup class=\"footnote-sub\" data-original=\"{{Footnote.N56784}}\">1<\/sup>, respectivamente, esta unidad SSD es 10 veces m\u00e1s r\u00e1pida que los discos duros tradicionales y provee un mejor rendimiento, velocidad de respuesta ultrarr\u00e1pida en el procesamiento multitareas y una aceleraci\u00f3n general del sistema. Adem\u00e1s son m\u00e1s fiables y duraderas que las unidades de disco duro, y est\u00e1n disponibles en varias capacidades que van de 120 GB hasta 960 GB<sup class=\"footnote-sub\" data-original=\"{{Footnote.N37130}}\">2<\/sup>.<\/p>\n<\/div>\n<\/div>\n<p><img fetchpriority=\"high\" decoding=\"async\" class=\"aligncenter wp-image-2800 size-full\" src=\"https:\/\/ishopec.com\/wp-content\/uploads\/2025\/12\/SSD-scaled.png\" alt=\"\" width=\"2560\" height=\"2560\" srcset=\"https:\/\/ishopec.com\/wp-content\/uploads\/2025\/12\/SSD-scaled.png 2560w, https:\/\/ishopec.com\/wp-content\/uploads\/2025\/12\/SSD-300x300.png 300w, https:\/\/ishopec.com\/wp-content\/uploads\/2025\/12\/SSD-1024x1024.png 1024w, https:\/\/ishopec.com\/wp-content\/uploads\/2025\/12\/SSD-150x150.png 150w, https:\/\/ishopec.com\/wp-content\/uploads\/2025\/12\/SSD-768x768.png 768w, https:\/\/ishopec.com\/wp-content\/uploads\/2025\/12\/SSD-1536x1536.png 1536w, https:\/\/ishopec.com\/wp-content\/uploads\/2025\/12\/SSD-2048x2048.png 2048w, https:\/\/ishopec.com\/wp-content\/uploads\/2025\/12\/SSD-600x600.png 600w, https:\/\/ishopec.com\/wp-content\/uploads\/2025\/12\/SSD-350x350.png 350w, https:\/\/ishopec.com\/wp-content\/uploads\/2025\/12\/SSD-800x800.png 800w, https:\/\/ishopec.com\/wp-content\/uploads\/2025\/12\/SSD-100x100.png 100w\" sizes=\"(max-width: 2560px) 100vw, 2560px\" \/><\/p>\n","protected":false},"excerpt":{"rendered":"<h1 id=\"headline\" style=\"text-align: center;\">Disco SSD SATA A400<\/h1>\n<h3 style=\"text-align: center;\"><strong>NUEVOS DE PAQUETE CON GARANT\u00cdA<\/strong><\/h3>\n<div class=\"l-inner u-p0\">\n<article class=\"s-keyFeature__content u-p\">\n<h4 style=\"text-align: center;\">10 veces m\u00e1s r\u00e1pido que un disco duro<sup class=\"footnote-sub\" data-original=\"{{Footnote.N56784}}\">1<\/sup><\/h4>\n<p style=\"text-align: center;\">Con incre\u00edbles velocidades de lectura\/escritura, los SSD A400 no solamente aumentan el rendimiento, sino que tambi\u00e9n pueden utilizarse para recuperar viejos sistemas.<\/p>\n<div class=\"l-inner u-p0\">\n<article class=\"s-keyFeature__content u-p\">\n<h4 style=\"text-align: center;\">Resistente<\/h4>\n<p style=\"text-align: center;\">El disco SSD A400 es resistente a los sacudones y las vibraciones, por lo cual es ideal para los port\u00e1tiles y otros dispositivos m\u00f3viles.<\/p>\n<div class=\"l-inner u-p0\" style=\"text-align: center;\">\n<article class=\"s-keyFeature__content u-p\">\n<h4>M\u00faltiples capacidades<\/h4>\n<p>El A400 est\u00e1 disponible en capacidades de hasta 960 GB<sup class=\"footnote-sub\" data-original=\"{{Footnote.N37130}}\">2<\/sup> para satisfacer las necesidades de cualquier persona.<\/p>\n<\/article>\n<\/div>\n<div class=\"l-inner u-p0\">\n<article class=\"s-keyFeature__content u-p\">\n<h4 style=\"text-align: center;\">Ideal para ordenadores de sobremesa y port\u00e1tiles<\/h4>\n<p style=\"text-align: center;\">El A400 viene en un factor de forma de 2.5&#8243; y 7 mm para adaptarse a una amplia gama de sistemas. Es ideal para port\u00e1tiles delgados y ligeros con espacio limitado.<\/p>\n<\/article>\n<\/div>\n<\/article>\n<\/div>\n<\/article>\n<\/div>\n","protected":false},"featured_media":2799,"template":"","meta":{"ocean_post_layout":"","ocean_both_sidebars_style":"","ocean_both_sidebars_content_width":0,"ocean_both_sidebars_sidebars_width":0,"ocean_sidebar":"0","ocean_second_sidebar":"0","ocean_disable_margins":"enable","ocean_add_body_class":"","ocean_shortcode_before_top_bar":"","ocean_shortcode_after_top_bar":"","ocean_shortcode_before_header":"","ocean_shortcode_after_header":"","ocean_has_shortcode":"","ocean_shortcode_after_title":"","ocean_shortcode_before_footer_widgets":"","ocean_shortcode_after_footer_widgets":"","ocean_shortcode_before_footer_bottom":"","ocean_shortcode_after_footer_bottom":"","ocean_display_top_bar":"default","ocean_display_header":"default","ocean_header_style":"","ocean_center_header_left_menu":"0","ocean_custom_header_template":"0","ocean_custom_logo":0,"ocean_custom_retina_logo":0,"ocean_custom_logo_max_width":0,"ocean_custom_logo_tablet_max_width":0,"ocean_custom_logo_mobile_max_width":0,"ocean_custom_logo_max_height":0,"ocean_custom_logo_tablet_max_height":0,"ocean_custom_logo_mobile_max_height":0,"ocean_header_custom_menu":"0","ocean_menu_typo_font_family":"0","ocean_menu_typo_font_subset":"","ocean_menu_typo_font_size":0,"ocean_menu_typo_font_size_tablet":0,"ocean_menu_typo_font_size_mobile":0,"ocean_menu_typo_font_size_unit":"px","ocean_menu_typo_font_weight":"","ocean_menu_typo_font_weight_tablet":"","ocean_menu_typo_font_weight_mobile":"","ocean_menu_typo_transform":"","ocean_menu_typo_transform_tablet":"","ocean_menu_typo_transform_mobile":"","ocean_menu_typo_line_height":0,"ocean_menu_typo_line_height_tablet":0,"ocean_menu_typo_line_height_mobile":0,"ocean_menu_typo_line_height_unit":"","ocean_menu_typo_spacing":0,"ocean_menu_typo_spacing_tablet":0,"ocean_menu_typo_spacing_mobile":0,"ocean_menu_typo_spacing_unit":"","ocean_menu_link_color":"","ocean_menu_link_color_hover":"","ocean_menu_link_color_active":"","ocean_menu_link_background":"","ocean_menu_link_hover_background":"","ocean_menu_link_active_background":"","ocean_menu_social_links_bg":"","ocean_menu_social_hover_links_bg":"","ocean_menu_social_links_color":"","ocean_menu_social_hover_links_color":"","ocean_disable_title":"default","ocean_disable_heading":"default","ocean_post_title":"","ocean_post_subheading":"","ocean_post_title_style":"","ocean_post_title_background_color":"","ocean_post_title_background":0,"ocean_post_title_bg_image_position":"","ocean_post_title_bg_image_attachment":"","ocean_post_title_bg_image_repeat":"","ocean_post_title_bg_image_size":"","ocean_post_title_height":0,"ocean_post_title_bg_overlay":0.5,"ocean_post_title_bg_overlay_color":"","ocean_disable_breadcrumbs":"default","ocean_breadcrumbs_color":"","ocean_breadcrumbs_separator_color":"","ocean_breadcrumbs_links_color":"","ocean_breadcrumbs_links_hover_color":"","ocean_display_footer_widgets":"default","ocean_display_footer_bottom":"default","ocean_custom_footer_template":"0"},"product_brand":[],"product_cat":[15],"product_tag":[],"class_list":{"0":"post-2798","1":"product","2":"type-product","3":"status-publish","4":"has-post-thumbnail","6":"product_cat-sin-categorizar","8":"entry","9":"has-media","11":"first","12":"instock","13":"sold-individually","14":"taxable","15":"shipping-taxable","16":"purchasable","17":"product-type-simple","18":"col","19":"span_1_of_3","20":"owp-content-center","21":"item-entry","22":"owp-thumbs-layout-horizontal","23":"owp-btn-normal","24":"owp-tabs-layout-section","25":"has-no-thumbnails"},"_links":{"self":[{"href":"https:\/\/ishopec.com\/index.php?rest_route=\/wp\/v2\/product\/2798","targetHints":{"allow":["GET"]}}],"collection":[{"href":"https:\/\/ishopec.com\/index.php?rest_route=\/wp\/v2\/product"}],"about":[{"href":"https:\/\/ishopec.com\/index.php?rest_route=\/wp\/v2\/types\/product"}],"wp:featuredmedia":[{"embeddable":true,"href":"https:\/\/ishopec.com\/index.php?rest_route=\/wp\/v2\/media\/2799"}],"wp:attachment":[{"href":"https:\/\/ishopec.com\/index.php?rest_route=%2Fwp%2Fv2%2Fmedia&parent=2798"}],"wp:term":[{"taxonomy":"product_brand","embeddable":true,"href":"https:\/\/ishopec.com\/index.php?rest_route=%2Fwp%2Fv2%2Fproduct_brand&post=2798"},{"taxonomy":"product_cat","embeddable":true,"href":"https:\/\/ishopec.com\/index.php?rest_route=%2Fwp%2Fv2%2Fproduct_cat&post=2798"},{"taxonomy":"product_tag","embeddable":true,"href":"https:\/\/ishopec.com\/index.php?rest_route=%2Fwp%2Fv2%2Fproduct_tag&post=2798"}],"curies":[{"name":"wp","href":"https:\/\/api.w.org\/{rel}","templated":true}]}}