{"id":2793,"date":"2025-12-22T22:20:14","date_gmt":"2025-12-23T03:20:14","guid":{"rendered":"https:\/\/ishopec.com\/?post_type=product&#038;p=2793"},"modified":"2025-12-22T22:20:15","modified_gmt":"2025-12-23T03:20:15","slug":"playstation-5","status":"publish","type":"product","link":"https:\/\/ishopec.com\/?product=playstation-5","title":{"rendered":"PlayStation 5"},"content":{"rendered":"<h1>PlayStation 5 Console<\/h1>\n<h2><strong>Marvel&#8217;s Spider-Man 2 Limited Edition Bundle con un dise\u00f1o de adquisici\u00f3n de simbionte, y experimenta el pr\u00f3ximo juego en la franquicia de Marvel&#8217;s Spider-Man. Este paquete incluye una consola PS5 con cubiertas de consola de edici\u00f3n limitada, un controlador inal\u00e1mbrico DualSense de edici\u00f3n limitada, un cup\u00f3n para una copia digital del juego y art\u00edculos de incentivo de pedido anticipado. * Juega como Peter Parker y Miles Morales mientras enfrentan la prueba definitiva para salvar a la ciudad de Venom y la amenaza del simbionte. Balancear, saltar y utilizar las nuevas Alas Web para viajar a trav\u00e9s de la Nueva York de Marvel, cambiando r\u00e1pidamente entre Peter Parker y Miles Morales para experimentar diferentes historias y nuevos poderes \u00e9picos, mientras el ic\u00f3nico villano Venom amenaza con destruir sus vidas, su ciudad y los que aman. *Se requiere cuenta para PlayStation Network y conexi\u00f3n a Internet para canjear el cup\u00f3n.<\/strong><\/h2>\n<p><img fetchpriority=\"high\" decoding=\"async\" class=\"aligncenter wp-image-2794 size-full\" src=\"https:\/\/ishopec.com\/wp-content\/uploads\/2025\/12\/PS5-scaled.png\" alt=\"\" width=\"2560\" height=\"2560\" srcset=\"https:\/\/ishopec.com\/wp-content\/uploads\/2025\/12\/PS5-scaled.png 2560w, https:\/\/ishopec.com\/wp-content\/uploads\/2025\/12\/PS5-300x300.png 300w, https:\/\/ishopec.com\/wp-content\/uploads\/2025\/12\/PS5-1024x1024.png 1024w, https:\/\/ishopec.com\/wp-content\/uploads\/2025\/12\/PS5-150x150.png 150w, https:\/\/ishopec.com\/wp-content\/uploads\/2025\/12\/PS5-768x768.png 768w, https:\/\/ishopec.com\/wp-content\/uploads\/2025\/12\/PS5-1536x1536.png 1536w, https:\/\/ishopec.com\/wp-content\/uploads\/2025\/12\/PS5-2048x2048.png 2048w, https:\/\/ishopec.com\/wp-content\/uploads\/2025\/12\/PS5-600x600.png 600w, https:\/\/ishopec.com\/wp-content\/uploads\/2025\/12\/PS5-350x350.png 350w, https:\/\/ishopec.com\/wp-content\/uploads\/2025\/12\/PS5-800x800.png 800w, https:\/\/ishopec.com\/wp-content\/uploads\/2025\/12\/PS5-100x100.png 100w\" sizes=\"(max-width: 2560px) 100vw, 2560px\" \/><\/p>\n","protected":false},"excerpt":{"rendered":"<ul>\n<li class=\"a-spacing-mini\"><strong><span class=\"a-list-item\">N\u00famero de modelo CFI-1215A<br \/>\n<\/span><\/strong><\/li>\n<li class=\"a-spacing-mini\"><strong><span class=\"a-list-item\"> Incluye controlador inal\u00e1mbrico DualSense, SSD de 1 TB, unidad de disco, 2 pies horizontales de soporte, cable HDMI, cable de alimentaci\u00f3n de CA, cable USB, materiales impresos Marvel\u2019s Spider-Man 2 Limited Edition Bundle .<br \/>\n<\/span><\/strong><\/li>\n<li class=\"a-spacing-mini\"><strong><span class=\"a-list-item\"> Reserva EA SPORTS College Football 25 hoy y recibe: <\/span><\/strong><\/li>\n<li class=\"a-spacing-mini\"><strong><span class=\"a-list-item\"> Alma Mater Ultimate Team Pack (opci\u00f3n de 1 elemento de jugador de 134<\/span><\/strong><\/li>\n<\/ul>\n","protected":false},"featured_media":2794,"template":"","meta":{"ocean_post_layout":"","ocean_both_sidebars_style":"","ocean_both_sidebars_content_width":0,"ocean_both_sidebars_sidebars_width":0,"ocean_sidebar":"0","ocean_second_sidebar":"0","ocean_disable_margins":"enable","ocean_add_body_class":"","ocean_shortcode_before_top_bar":"","ocean_shortcode_after_top_bar":"","ocean_shortcode_before_header":"","ocean_shortcode_after_header":"","ocean_has_shortcode":"","ocean_shortcode_after_title":"","ocean_shortcode_before_footer_widgets":"","ocean_shortcode_after_footer_widgets":"","ocean_shortcode_before_footer_bottom":"","ocean_shortcode_after_footer_bottom":"","ocean_display_top_bar":"default","ocean_display_header":"default","ocean_header_style":"","ocean_center_header_left_menu":"0","ocean_custom_header_template":"0","ocean_custom_logo":0,"ocean_custom_retina_logo":0,"ocean_custom_logo_max_width":0,"ocean_custom_logo_tablet_max_width":0,"ocean_custom_logo_mobile_max_width":0,"ocean_custom_logo_max_height":0,"ocean_custom_logo_tablet_max_height":0,"ocean_custom_logo_mobile_max_height":0,"ocean_header_custom_menu":"0","ocean_menu_typo_font_family":"0","ocean_menu_typo_font_subset":"","ocean_menu_typo_font_size":0,"ocean_menu_typo_font_size_tablet":0,"ocean_menu_typo_font_size_mobile":0,"ocean_menu_typo_font_size_unit":"px","ocean_menu_typo_font_weight":"","ocean_menu_typo_font_weight_tablet":"","ocean_menu_typo_font_weight_mobile":"","ocean_menu_typo_transform":"","ocean_menu_typo_transform_tablet":"","ocean_menu_typo_transform_mobile":"","ocean_menu_typo_line_height":0,"ocean_menu_typo_line_height_tablet":0,"ocean_menu_typo_line_height_mobile":0,"ocean_menu_typo_line_height_unit":"","ocean_menu_typo_spacing":0,"ocean_menu_typo_spacing_tablet":0,"ocean_menu_typo_spacing_mobile":0,"ocean_menu_typo_spacing_unit":"","ocean_menu_link_color":"","ocean_menu_link_color_hover":"","ocean_menu_link_color_active":"","ocean_menu_link_background":"","ocean_menu_link_hover_background":"","ocean_menu_link_active_background":"","ocean_menu_social_links_bg":"","ocean_menu_social_hover_links_bg":"","ocean_menu_social_links_color":"","ocean_menu_social_hover_links_color":"","ocean_disable_title":"default","ocean_disable_heading":"default","ocean_post_title":"","ocean_post_subheading":"","ocean_post_title_style":"","ocean_post_title_background_color":"","ocean_post_title_background":0,"ocean_post_title_bg_image_position":"","ocean_post_title_bg_image_attachment":"","ocean_post_title_bg_image_repeat":"","ocean_post_title_bg_image_size":"","ocean_post_title_height":0,"ocean_post_title_bg_overlay":0.5,"ocean_post_title_bg_overlay_color":"","ocean_disable_breadcrumbs":"default","ocean_breadcrumbs_color":"","ocean_breadcrumbs_separator_color":"","ocean_breadcrumbs_links_color":"","ocean_breadcrumbs_links_hover_color":"","ocean_display_footer_widgets":"default","ocean_display_footer_bottom":"default","ocean_custom_footer_template":"0"},"product_brand":[],"product_cat":[15],"product_tag":[],"class_list":{"0":"post-2793","1":"product","2":"type-product","3":"status-publish","4":"has-post-thumbnail","6":"product_cat-sin-categorizar","8":"entry","9":"has-media","11":"first","12":"instock","13":"sold-individually","14":"taxable","15":"shipping-taxable","16":"purchasable","17":"product-type-simple","18":"col","19":"span_1_of_3","20":"owp-content-center","21":"item-entry","22":"owp-thumbs-layout-horizontal","23":"owp-btn-normal","24":"owp-tabs-layout-section","25":"has-no-thumbnails"},"_links":{"self":[{"href":"https:\/\/ishopec.com\/index.php?rest_route=\/wp\/v2\/product\/2793","targetHints":{"allow":["GET"]}}],"collection":[{"href":"https:\/\/ishopec.com\/index.php?rest_route=\/wp\/v2\/product"}],"about":[{"href":"https:\/\/ishopec.com\/index.php?rest_route=\/wp\/v2\/types\/product"}],"wp:featuredmedia":[{"embeddable":true,"href":"https:\/\/ishopec.com\/index.php?rest_route=\/wp\/v2\/media\/2794"}],"wp:attachment":[{"href":"https:\/\/ishopec.com\/index.php?rest_route=%2Fwp%2Fv2%2Fmedia&parent=2793"}],"wp:term":[{"taxonomy":"product_brand","embeddable":true,"href":"https:\/\/ishopec.com\/index.php?rest_route=%2Fwp%2Fv2%2Fproduct_brand&post=2793"},{"taxonomy":"product_cat","embeddable":true,"href":"https:\/\/ishopec.com\/index.php?rest_route=%2Fwp%2Fv2%2Fproduct_cat&post=2793"},{"taxonomy":"product_tag","embeddable":true,"href":"https:\/\/ishopec.com\/index.php?rest_route=%2Fwp%2Fv2%2Fproduct_tag&post=2793"}],"curies":[{"name":"wp","href":"https:\/\/api.w.org\/{rel}","templated":true}]}}