{"id":2783,"date":"2025-12-22T22:08:59","date_gmt":"2025-12-23T03:08:59","guid":{"rendered":"https:\/\/ishopec.com\/?post_type=product&#038;p=2783"},"modified":"2025-12-22T22:08:59","modified_gmt":"2025-12-23T03:08:59","slug":"pagina-web-premium","status":"publish","type":"product","link":"https:\/\/ishopec.com\/?product=pagina-web-premium","title":{"rendered":"P\u00e1gina Web PREMIUM"},"content":{"rendered":"","protected":false},"excerpt":{"rendered":"<h1 style=\"text-align: center;\">PLAN 12 MESES<\/h1>\n<h2 style=\"text-align: center;\"><strong><span lang=\"es\">Una p\u00e1gina web es una herramienta excelente para facilitar la comunicaci\u00f3n y la interacci\u00f3n con los clientes. A trav\u00e9s de un sitio web, los usuarios pueden acceder a informaci\u00f3n sobre productos y servicios, realizar compras, realizar consultas, realizar reservas, solicitar presupuestos, dejar comentarios y mucho m\u00e1s.<\/span><\/strong><\/h2>\n<p>&nbsp;<\/p>\n<p><img fetchpriority=\"high\" decoding=\"async\" class=\"aligncenter wp-image-2786 size-full\" src=\"https:\/\/ishopec.com\/wp-content\/uploads\/2025\/12\/web-0961-scaled.png\" alt=\"\" width=\"2560\" height=\"2560\" srcset=\"https:\/\/ishopec.com\/wp-content\/uploads\/2025\/12\/web-0961-scaled.png 2560w, https:\/\/ishopec.com\/wp-content\/uploads\/2025\/12\/web-0961-300x300.png 300w, https:\/\/ishopec.com\/wp-content\/uploads\/2025\/12\/web-0961-1024x1024.png 1024w, https:\/\/ishopec.com\/wp-content\/uploads\/2025\/12\/web-0961-150x150.png 150w, https:\/\/ishopec.com\/wp-content\/uploads\/2025\/12\/web-0961-768x768.png 768w, https:\/\/ishopec.com\/wp-content\/uploads\/2025\/12\/web-0961-1536x1536.png 1536w, https:\/\/ishopec.com\/wp-content\/uploads\/2025\/12\/web-0961-2048x2048.png 2048w, https:\/\/ishopec.com\/wp-content\/uploads\/2025\/12\/web-0961-600x600.png 600w, https:\/\/ishopec.com\/wp-content\/uploads\/2025\/12\/web-0961-350x350.png 350w, https:\/\/ishopec.com\/wp-content\/uploads\/2025\/12\/web-0961-800x800.png 800w, https:\/\/ishopec.com\/wp-content\/uploads\/2025\/12\/web-0961-100x100.png 100w\" sizes=\"(max-width: 2560px) 100vw, 2560px\" \/><\/p>\n","protected":false},"featured_media":2786,"template":"","meta":{"ocean_post_layout":"","ocean_both_sidebars_style":"","ocean_both_sidebars_content_width":0,"ocean_both_sidebars_sidebars_width":0,"ocean_sidebar":"0","ocean_second_sidebar":"0","ocean_disable_margins":"enable","ocean_add_body_class":"","ocean_shortcode_before_top_bar":"","ocean_shortcode_after_top_bar":"","ocean_shortcode_before_header":"","ocean_shortcode_after_header":"","ocean_has_shortcode":"","ocean_shortcode_after_title":"","ocean_shortcode_before_footer_widgets":"","ocean_shortcode_after_footer_widgets":"","ocean_shortcode_before_footer_bottom":"","ocean_shortcode_after_footer_bottom":"","ocean_display_top_bar":"default","ocean_display_header":"default","ocean_header_style":"","ocean_center_header_left_menu":"0","ocean_custom_header_template":"0","ocean_custom_logo":0,"ocean_custom_retina_logo":0,"ocean_custom_logo_max_width":0,"ocean_custom_logo_tablet_max_width":0,"ocean_custom_logo_mobile_max_width":0,"ocean_custom_logo_max_height":0,"ocean_custom_logo_tablet_max_height":0,"ocean_custom_logo_mobile_max_height":0,"ocean_header_custom_menu":"0","ocean_menu_typo_font_family":"0","ocean_menu_typo_font_subset":"","ocean_menu_typo_font_size":0,"ocean_menu_typo_font_size_tablet":0,"ocean_menu_typo_font_size_mobile":0,"ocean_menu_typo_font_size_unit":"px","ocean_menu_typo_font_weight":"","ocean_menu_typo_font_weight_tablet":"","ocean_menu_typo_font_weight_mobile":"","ocean_menu_typo_transform":"","ocean_menu_typo_transform_tablet":"","ocean_menu_typo_transform_mobile":"","ocean_menu_typo_line_height":0,"ocean_menu_typo_line_height_tablet":0,"ocean_menu_typo_line_height_mobile":0,"ocean_menu_typo_line_height_unit":"","ocean_menu_typo_spacing":0,"ocean_menu_typo_spacing_tablet":0,"ocean_menu_typo_spacing_mobile":0,"ocean_menu_typo_spacing_unit":"","ocean_menu_link_color":"","ocean_menu_link_color_hover":"","ocean_menu_link_color_active":"","ocean_menu_link_background":"","ocean_menu_link_hover_background":"","ocean_menu_link_active_background":"","ocean_menu_social_links_bg":"","ocean_menu_social_hover_links_bg":"","ocean_menu_social_links_color":"","ocean_menu_social_hover_links_color":"","ocean_disable_title":"default","ocean_disable_heading":"default","ocean_post_title":"","ocean_post_subheading":"","ocean_post_title_style":"","ocean_post_title_background_color":"","ocean_post_title_background":0,"ocean_post_title_bg_image_position":"","ocean_post_title_bg_image_attachment":"","ocean_post_title_bg_image_repeat":"","ocean_post_title_bg_image_size":"","ocean_post_title_height":0,"ocean_post_title_bg_overlay":0.5,"ocean_post_title_bg_overlay_color":"","ocean_disable_breadcrumbs":"default","ocean_breadcrumbs_color":"","ocean_breadcrumbs_separator_color":"","ocean_breadcrumbs_links_color":"","ocean_breadcrumbs_links_hover_color":"","ocean_display_footer_widgets":"default","ocean_display_footer_bottom":"default","ocean_custom_footer_template":"0"},"product_brand":[],"product_cat":[15],"product_tag":[],"class_list":{"0":"post-2783","1":"product","2":"type-product","3":"status-publish","4":"has-post-thumbnail","6":"product_cat-sin-categorizar","8":"entry","9":"has-media","11":"first","12":"instock","13":"sold-individually","14":"taxable","15":"shipping-taxable","16":"purchasable","17":"product-type-simple","18":"col","19":"span_1_of_3","20":"owp-content-center","21":"item-entry","22":"owp-thumbs-layout-horizontal","23":"owp-btn-normal","24":"owp-tabs-layout-section","25":"has-no-thumbnails"},"_links":{"self":[{"href":"https:\/\/ishopec.com\/index.php?rest_route=\/wp\/v2\/product\/2783","targetHints":{"allow":["GET"]}}],"collection":[{"href":"https:\/\/ishopec.com\/index.php?rest_route=\/wp\/v2\/product"}],"about":[{"href":"https:\/\/ishopec.com\/index.php?rest_route=\/wp\/v2\/types\/product"}],"wp:featuredmedia":[{"embeddable":true,"href":"https:\/\/ishopec.com\/index.php?rest_route=\/wp\/v2\/media\/2786"}],"wp:attachment":[{"href":"https:\/\/ishopec.com\/index.php?rest_route=%2Fwp%2Fv2%2Fmedia&parent=2783"}],"wp:term":[{"taxonomy":"product_brand","embeddable":true,"href":"https:\/\/ishopec.com\/index.php?rest_route=%2Fwp%2Fv2%2Fproduct_brand&post=2783"},{"taxonomy":"product_cat","embeddable":true,"href":"https:\/\/ishopec.com\/index.php?rest_route=%2Fwp%2Fv2%2Fproduct_cat&post=2783"},{"taxonomy":"product_tag","embeddable":true,"href":"https:\/\/ishopec.com\/index.php?rest_route=%2Fwp%2Fv2%2Fproduct_tag&post=2783"}],"curies":[{"name":"wp","href":"https:\/\/api.w.org\/{rel}","templated":true}]}}