{"id":2639,"date":"2025-12-19T17:53:17","date_gmt":"2025-12-19T22:53:17","guid":{"rendered":"https:\/\/ishopec.com\/?page_id=2639"},"modified":"2025-12-19T17:57:38","modified_gmt":"2025-12-19T22:57:38","slug":"mi-experiencia","status":"publish","type":"page","link":"https:\/\/ishopec.com\/?page_id=2639","title":{"rendered":"Mi Experiencia"},"content":{"rendered":"\t\t<div data-elementor-type=\"wp-page\" data-elementor-id=\"2639\" class=\"elementor elementor-2639\" data-elementor-post-type=\"page\">\n\t\t\t\t\t\t<section class=\"elementor-section elementor-top-section elementor-element elementor-element-1d521878 elementor-section-height-full elementor-section-stretched elementor-section-boxed elementor-section-height-default elementor-section-items-middle wpr-particle-no wpr-jarallax-no wpr-parallax-no wpr-sticky-section-no\" data-id=\"1d521878\" data-element_type=\"section\" data-e-type=\"section\" data-settings=\"{&quot;background_background&quot;:&quot;classic&quot;,&quot;stretch_section&quot;:&quot;section-stretched&quot;}\">\n\t\t\t\t\t\t\t<div class=\"elementor-background-overlay\"><\/div>\n\t\t\t\t\t\t\t<div class=\"elementor-container elementor-column-gap-no\">\n\t\t\t\t\t<div class=\"elementor-column elementor-col-100 elementor-top-column elementor-element elementor-element-78b6cf76\" data-id=\"78b6cf76\" data-element_type=\"column\" data-e-type=\"column\">\n\t\t\t<div class=\"elementor-widget-wrap elementor-element-populated\">\n\t\t\t\t\t\t<div class=\"elementor-element elementor-element-17a32be4 elementor-widget elementor-widget-heading\" data-id=\"17a32be4\" data-element_type=\"widget\" data-e-type=\"widget\" data-widget_type=\"heading.default\">\n\t\t\t\t\t<h2 class=\"elementor-heading-title elementor-size-default\">aldea digital<\/h2>\t\t\t\t<\/div>\n\t\t\t\t<div class=\"elementor-element elementor-element-2695f0d0 elementor-widget elementor-widget-heading\" data-id=\"2695f0d0\" data-element_type=\"widget\" data-e-type=\"widget\" data-widget_type=\"heading.default\">\n\t\t\t\t\t<h4 class=\"elementor-heading-title elementor-size-small\">el mundo en tus manos<\/h4>\t\t\t\t<\/div>\n\t\t\t\t<div class=\"elementor-element elementor-element-77bb5b8a elementor-widget elementor-widget-heading\" data-id=\"77bb5b8a\" data-element_type=\"widget\" data-e-type=\"widget\" data-widget_type=\"heading.default\">\n\t\t\t\t\t<h2 class=\"elementor-heading-title elementor-size-xxl\">ELECTR\u00d3NICA  TECNOLOG\u00cdA TELECOMUNICACIONES CYBERSEGURIDAD MARKETING DIGITAL <\/h2>\t\t\t\t<\/div>\n\t\t\t\t<div class=\"elementor-element elementor-element-2dc45e57 elementor-widget elementor-widget-ucaddon_neon_glowing_button_effect\" data-id=\"2dc45e57\" data-element_type=\"widget\" data-e-type=\"widget\" data-widget_type=\"ucaddon_neon_glowing_button_effect.default\">\n\t\t\t\t<div class=\"elementor-widget-container\">\n\t\t\t\t\t\n<!-- start Neon Glowing Button Effect -->\n\t\t<link id='font-awesome-css' href='https:\/\/ishopec.com\/wp-content\/plugins\/unlimited-elements-for-elementor-premium\/assets_libraries\/font-awesome6\/fontawesome-all.min.css' type='text\/css' rel='stylesheet' >\n\t\t<link id='font-awesome-4-shim-css' href='https:\/\/ishopec.com\/wp-content\/plugins\/unlimited-elements-for-elementor-premium\/assets_libraries\/font-awesome6\/fontawesome-v4-shims.min.css' type='text\/css' rel='stylesheet' >\n\n<style>\/* widget: Neon Glowing Button Effect *\/\n\n#uc_neon_glowing_button_effect_elementor_2dc45e57{\n  position: relative;\n  z-index:1;\n}\n#uc_neon_glowing_button_effect_elementor_2dc45e57 *{\n    margin: 0;\n}\n#uc_neon_glowing_button_effect_elementor_2dc45e57.ue_neon_btn_wrapper{\n  display: flex;\n  justify-content: center;\n  align-items: center;\n  gap:50px;\n}\n#uc_neon_glowing_button_effect_elementor_2dc45e57 .ue_neon_btn {\n  display: flex;\n  flex-direction:row;\n  justify-content: center;\n  align-items: center;\n  position: relative;\n  border-radius: 22px;\n  overflow:visible;\n  transition: 0.5s;\n}\n\n#uc_neon_glowing_button_effect_elementor_2dc45e57 .ue_neon_btn:after {\n  content: '';\n  position: absolute;\n  box-sizing:content-box;\n  border-radius: calc(22px + 3px);\n  width: 100%;\n  height: 100%;\n  translate: -50% -50%;\n  left: 50%;\n  top: 50%;\n  z-index: -1;\n  animation: rotateuc_neon_glowing_button_effect_elementor_2dc45e57 2000ms linear infinite;\n  padding: 3px;\n  --angle: 0deg;\n  filter: hue-rotate(var(--hueuc_neon_glowing_button_effect_elementor_2dc45e57));\n  background: conic-gradient(from var(--angle) ,\n              #ff003700 100deg,\n      #3be8e5 215deg,\n      #457D52 360deg\n      );\n  transition: all 0.5s;\n}\n\n#uc_neon_glowing_button_effect_elementor_2dc45e57 .ue_neon_btn:before {\n  content: '';\n  position: absolute;\n  box-sizing:content-box;\n  border-radius: 22px;\n  width: 100%;\n  height: 100%;\n  translate: -50% -50%;\n  left: 50%;\n  top: 50%;\n  z-index: -2;\n  transition: all 0.5s;\n  animation: rotateuc_neon_glowing_button_effect_elementor_2dc45e57 2000ms linear infinite;\n  filter: blur(30px) brightness(1) hue-rotate(var(--hueuc_neon_glowing_button_effect_elementor_2dc45e57)) ;\n    -webkit-backface-visibility: hidden;\n-moz-backface-visibility: hidden;\n  -webkit-transform: translate3d(0, 0, 0);\n-moz-transform: translate3d(0, 0, 0);\n  background: conic-gradient(from var(--angle),\n              #ff003700 150deg,\n      #3be8e5 230deg,\n      #457D52 360deg\n      );\n}\n\n\n@property --angle {\n  syntax: '<angle>';\n  initial-value: 0deg;\n  inherits: false;\n}\n@property --hueuc_neon_glowing_button_effect_elementor_2dc45e57 {\n  syntax: '<angle>';\n  initial-value: 0deg;\n  inherits: false;\n}\n@keyframes rotateuc_neon_glowing_button_effect_elementor_2dc45e57 {\n  0% {\n    --angle: 0deg;\n     --hueuc_neon_glowing_button_effect_elementor_2dc45e57: -50deg;  }\n  50% { \n    --hueuc_neon_glowing_button_effect_elementor_2dc45e57: 50deg;  }\n  100% { \n    --angle: 360deg;\n    --hueuc_neon_glowing_button_effect_elementor_2dc45e57: -50deg;  }\n}\n\n\/* hover *\/\n#uc_neon_glowing_button_effect_elementor_2dc45e57 .ue_neon_btn:hover:before,\n#uc_neon_glowing_button_effect_elementor_2dc45e57 .ue_neon_btn:hover:after{\n  transition: all 0.5s;\n  animation-play-state: paused;\n  background: conic-gradient(from var(--angle),\n              #457D52 0deg,\n      #457D52 360deg\n      );\n}\n\n#uc_neon_glowing_button_effect_elementor_2dc45e57 .ue-btn svg\n{\n  height:1em;\n  width:1em;\n}\n\n<\/style>\n\n<div id=\"uc_neon_glowing_button_effect_elementor_2dc45e57\" class=\"ue_neon_btn_wrapper elementor-animation-pulse\">\n  <a href=\"https:\/\/api.whatsapp.com\/send?phone=593960161755\"  class=\"ue_neon_btn\">\n        WHATSAPP\n      <\/a>\n<\/div>\n<!-- end Neon Glowing Button Effect -->\t\t\t\t<\/div>\n\t\t\t\t<\/div>\n\t\t\t\t\t<\/div>\n\t\t<\/div>\n\t\t\t\t\t<\/div>\n\t\t<\/section>\n\t\t<div class=\"elementor-element elementor-element-585ade31 e-flex e-con-boxed wpr-particle-no wpr-jarallax-no wpr-parallax-no wpr-sticky-section-no e-con e-parent\" data-id=\"585ade31\" data-element_type=\"container\" data-e-type=\"container\">\n\t\t\t\t\t<div class=\"e-con-inner\">\n\t\t\t\t<div class=\"elementor-element elementor-element-2d8215e elementor-widget elementor-widget-text-editor\" data-id=\"2d8215e\" data-element_type=\"widget\" data-e-type=\"widget\" data-widget_type=\"text-editor.default\">\n\t\t\t\t\t\t\t\t\t<h1 style=\"text-align: center;\"><span style=\"color: #ffffff;\"><strong>ALDEA DIGITAL<\/strong> expertos en dise\u00f1o y desarrollo de soluciones digitales de alto nivel en entornos web y aplicaciones m\u00f3viles, con especial atenci\u00f3n a la creaci\u00f3n de interfaces de usuario intuitivas, identidad corporativa y comunicaci\u00f3n visual estrat\u00e9gica. Mi objetivo es generar experiencias \u00fanicas, accesibles y memorables, que reflejen la esencia de cada marca y fortalezcan su relaci\u00f3n con el p\u00fablico.<\/span><\/h1><h1 style=\"text-align: center;\"><span style=\"color: #ffffff;\">A lo largo de mi trayectoria, he perfeccionado la capacidad de transformar identidades y potenciar marcas mediante propuestas creativas y efectivas que conectan con las audiencias de manera aut\u00e9ntica. Mi enfoque se basa en la innovaci\u00f3n constante, la b\u00fasqueda de eficiencia y la colaboraci\u00f3n multidisciplinaria como pilares para alcanzar resultados s\u00f3lidos.<\/span><\/h1><h1 style=\"text-align: center;\"><span style=\"color: #ffffff;\">Cuento con una amplia experiencia en dise\u00f1o de identidad visual, interfaces digitales, marketing digital, sitios web y proyectos de dise\u00f1o gr\u00e1fico integral, siempre orientados a aportar valor y diferenciaci\u00f3n en cada proyecto.<\/span><\/h1>\t\t\t\t\t\t\t\t<\/div>\n\t\t\t\t\t<\/div>\n\t\t\t\t<\/div>\n\t\t<div class=\"elementor-element elementor-element-c6eb580 e-flex e-con-boxed wpr-particle-no wpr-jarallax-no wpr-parallax-no wpr-sticky-section-no e-con e-parent\" data-id=\"c6eb580\" data-element_type=\"container\" data-e-type=\"container\">\n\t\t\t\t\t<div class=\"e-con-inner\">\n\t\t\t\t<div class=\"elementor-element elementor-element-7cd04664 elementor-widget elementor-widget-link-in-bio-var-7\" data-id=\"7cd04664\" data-element_type=\"widget\" data-e-type=\"widget\" data-widget_type=\"link-in-bio-var-7.default\">\n\t\t\t\t<div class=\"elementor-widget-container\">\n\t\t\t\t\t\t\t<div class=\"e-link-in-bio e-link-in-bio-var-7\">\n\t\t\t<div class=\"e-link-in-bio__content\">\n\n\t\t\t\t\t\t<div class=\"e-link-in-bio__identity\">\n\t\t\t\t\t\t\t\t\t<div class=\"e-link-in-bio__identity-image e-link-in-bio__identity-image-cover\">\n\t\t\t\t\t\t\t<img fetchpriority=\"high\" decoding=\"async\" width=\"300\" height=\"300\" src=\"https:\/\/ishopec.com\/wp-content\/uploads\/2025\/12\/IMG_1277-300x300.png\" class=\"e-link-in-bio__identity-image-element\" alt=\"\" srcset=\"https:\/\/ishopec.com\/wp-content\/uploads\/2025\/12\/IMG_1277-300x300.png 300w, https:\/\/ishopec.com\/wp-content\/uploads\/2025\/12\/IMG_1277-150x150.png 150w, https:\/\/ishopec.com\/wp-content\/uploads\/2025\/12\/IMG_1277-768x768.png 768w, https:\/\/ishopec.com\/wp-content\/uploads\/2025\/12\/IMG_1277-600x600.png 600w, https:\/\/ishopec.com\/wp-content\/uploads\/2025\/12\/IMG_1277-350x350.png 350w, https:\/\/ishopec.com\/wp-content\/uploads\/2025\/12\/IMG_1277-800x800.png 800w, https:\/\/ishopec.com\/wp-content\/uploads\/2025\/12\/IMG_1277-100x100.png 100w, https:\/\/ishopec.com\/wp-content\/uploads\/2025\/12\/IMG_1277.png 1024w\" sizes=\"(max-width: 300px) 100vw, 300px\" \/>\t\t\t\t\t\t\t\t\t\t\t\t\t<\/div>\n\t\t\t\t\t\t\t\t\t\t\t<div class=\"e-link-in-bio__identity-image e-link-in-bio__identity-image-profile has-style-circle\">\n\t\t\t\t\t\t\t<img decoding=\"async\" width=\"300\" height=\"300\" src=\"https:\/\/ishopec.com\/wp-content\/uploads\/2025\/12\/IMG_3632-300x300.jpg\" class=\"e-link-in-bio__identity-image-element\" alt=\"\" srcset=\"https:\/\/ishopec.com\/wp-content\/uploads\/2025\/12\/IMG_3632-300x300.jpg 300w, https:\/\/ishopec.com\/wp-content\/uploads\/2025\/12\/IMG_3632-150x150.jpg 150w, https:\/\/ishopec.com\/wp-content\/uploads\/2025\/12\/IMG_3632-768x768.jpg 768w, https:\/\/ishopec.com\/wp-content\/uploads\/2025\/12\/IMG_3632-600x600.jpg 600w, https:\/\/ishopec.com\/wp-content\/uploads\/2025\/12\/IMG_3632-350x350.jpg 350w, https:\/\/ishopec.com\/wp-content\/uploads\/2025\/12\/IMG_3632-800x800.jpg 800w, https:\/\/ishopec.com\/wp-content\/uploads\/2025\/12\/IMG_3632-100x100.jpg 100w, https:\/\/ishopec.com\/wp-content\/uploads\/2025\/12\/IMG_3632.jpg 1024w\" sizes=\"(max-width: 300px) 100vw, 300px\" \/>\t\t\t\t\t\t\t\t\t\t\t\t\t<\/div>\n\t\t\t\t\t\t\t<\/div>\n\t\t\t\t\t<div class=\"e-link-in-bio__bio\">\n\t\t\t\t<h2 class=\"e-link-in-bio__heading\">David King<\/h2>\t\t\t\t<h3 class=\"e-link-in-bio__title\">Electronics, Design, Technology...<\/h3>\t\t\t\t\t\t\t\t\t\t\t<\/div>\n\t\t\t\t\t<div class=\"e-link-in-bio__icons has-size-small\">\n\t\t\t\t\t\t\t<div class=\"e-link-in-bio__icon is-size-small\">\n\t\t\t\t\t<a aria-label=\"WhatsApp\" class=\"e-link-in-bio__icon-link\" href=\"https:\/\/wa.me\/+593960161755\">\n\t\t\t\t\t\t<span class=\"e-link-in-bio__icon-svg\">\n\t\t\t\t\t\t\t<svg aria-hidden=\"true\" class=\"e-font-icon-svg e-fab-whatsapp\" viewBox=\"0 0 448 512\" xmlns=\"http:\/\/www.w3.org\/2000\/svg\"><path d=\"M380.9 97.1C339 55.1 283.2 32 223.9 32c-122.4 0-222 99.6-222 222 0 39.1 10.2 77.3 29.6 111L0 480l117.7-30.9c32.4 17.7 68.9 27 106.1 27h.1c122.3 0 224.1-99.6 224.1-222 0-59.3-25.2-115-67.1-157zm-157 341.6c-33.2 0-65.7-8.9-94-25.7l-6.7-4-69.8 18.3L72 359.2l-4.4-7c-18.5-29.4-28.2-63.3-28.2-98.2 0-101.7 82.8-184.5 184.6-184.5 49.3 0 95.6 19.2 130.4 54.1 34.8 34.9 56.2 81.2 56.1 130.5 0 101.8-84.9 184.6-186.6 184.6zm101.2-138.2c-5.5-2.8-32.8-16.2-37.9-18-5.1-1.9-8.8-2.8-12.5 2.8-3.7 5.6-14.3 18-17.6 21.8-3.2 3.7-6.5 4.2-12 1.4-32.6-16.3-54-29.1-75.5-66-5.7-9.8 5.7-9.1 16.3-30.3 1.8-3.7.9-6.9-.5-9.7-1.4-2.8-12.5-30.1-17.1-41.2-4.5-10.8-9.1-9.3-12.5-9.5-3.2-.2-6.9-.2-10.6-.2-3.7 0-9.7 1.4-14.8 6.9-5.1 5.6-19.4 19-19.4 46.3 0 27.3 19.9 53.7 22.6 57.4 2.8 3.7 39.1 59.7 94.8 83.8 35.2 15.2 49 16.5 66.6 13.9 10.7-1.6 32.8-13.4 37.4-26.4 4.6-13 4.6-24.1 3.2-26.4-1.3-2.5-5-3.9-10.5-6.6z\"><\/path><\/svg>\t\t\t\t\t\t<\/span>\n\t\t\t\t\t\t\t\t\t\t\t\t\t<span class=\"e-link-in-bio__icon-label\">\n\t\t\t\t\t\t\t\tWhatsApp\t\t\t\t\t\t\t<\/span>\n\t\t\t\t\t\t\t\t\t\t\t<\/a>\n\t\t\t\t<\/div>\n\t\t\t\t\t\t\t<div class=\"e-link-in-bio__icon is-size-small\">\n\t\t\t\t\t<a href=\"https:\/\/www.instagram.com\/ces4rcorp\/\" target=\"_blank\" rel=\"noopener \" aria-label=\"Instagram\" class=\"e-link-in-bio__icon-link\">\n\t\t\t\t\t\t<span class=\"e-link-in-bio__icon-svg\">\n\t\t\t\t\t\t\t<svg aria-hidden=\"true\" class=\"e-font-icon-svg e-fab-instagram\" viewBox=\"0 0 448 512\" xmlns=\"http:\/\/www.w3.org\/2000\/svg\"><path d=\"M224.1 141c-63.6 0-114.9 51.3-114.9 114.9s51.3 114.9 114.9 114.9S339 319.5 339 255.9 287.7 141 224.1 141zm0 189.6c-41.1 0-74.7-33.5-74.7-74.7s33.5-74.7 74.7-74.7 74.7 33.5 74.7 74.7-33.6 74.7-74.7 74.7zm146.4-194.3c0 14.9-12 26.8-26.8 26.8-14.9 0-26.8-12-26.8-26.8s12-26.8 26.8-26.8 26.8 12 26.8 26.8zm76.1 27.2c-1.7-35.9-9.9-67.7-36.2-93.9-26.2-26.2-58-34.4-93.9-36.2-37-2.1-147.9-2.1-184.9 0-35.8 1.7-67.6 9.9-93.9 36.1s-34.4 58-36.2 93.9c-2.1 37-2.1 147.9 0 184.9 1.7 35.9 9.9 67.7 36.2 93.9s58 34.4 93.9 36.2c37 2.1 147.9 2.1 184.9 0 35.9-1.7 67.7-9.9 93.9-36.2 26.2-26.2 34.4-58 36.2-93.9 2.1-37 2.1-147.8 0-184.8zM398.8 388c-7.8 19.6-22.9 34.7-42.6 42.6-29.5 11.7-99.5 9-132.1 9s-102.7 2.6-132.1-9c-19.6-7.8-34.7-22.9-42.6-42.6-11.7-29.5-9-99.5-9-132.1s-2.6-102.7 9-132.1c7.8-19.6 22.9-34.7 42.6-42.6 29.5-11.7 99.5-9 132.1-9s102.7-2.6 132.1 9c19.6 7.8 34.7 22.9 42.6 42.6 11.7 29.5 9 99.5 9 132.1s2.7 102.7-9 132.1z\"><\/path><\/svg>\t\t\t\t\t\t<\/span>\n\t\t\t\t\t\t\t\t\t\t\t\t\t<span class=\"e-link-in-bio__icon-label\">\n\t\t\t\t\t\t\t\tInstagram\t\t\t\t\t\t\t<\/span>\n\t\t\t\t\t\t\t\t\t\t\t<\/a>\n\t\t\t\t<\/div>\n\t\t\t\t\t\t\t<div class=\"e-link-in-bio__icon is-size-small\">\n\t\t\t\t\t<a href=\"https:\/\/www.facebook.com\/cdnfev\/\" target=\"_blank\" rel=\"noopener \" aria-label=\"Facebook\" class=\"e-link-in-bio__icon-link\">\n\t\t\t\t\t\t<span class=\"e-link-in-bio__icon-svg\">\n\t\t\t\t\t\t\t<svg aria-hidden=\"true\" class=\"e-font-icon-svg e-fab-facebook\" viewBox=\"0 0 512 512\" xmlns=\"http:\/\/www.w3.org\/2000\/svg\"><path d=\"M504 256C504 119 393 8 256 8S8 119 8 256c0 123.78 90.69 226.38 209.25 245V327.69h-63V256h63v-54.64c0-62.15 37-96.48 93.67-96.48 27.14 0 55.52 4.84 55.52 4.84v61h-31.28c-30.8 0-40.41 19.12-40.41 38.73V256h68.78l-11 71.69h-57.78V501C413.31 482.38 504 379.78 504 256z\"><\/path><\/svg>\t\t\t\t\t\t<\/span>\n\t\t\t\t\t\t\t\t\t\t\t\t\t<span class=\"e-link-in-bio__icon-label\">\n\t\t\t\t\t\t\t\tFacebook\t\t\t\t\t\t\t<\/span>\n\t\t\t\t\t\t\t\t\t\t\t<\/a>\n\t\t\t\t<\/div>\n\t\t\t\t\t\t\t<div class=\"e-link-in-bio__icon is-size-small\">\n\t\t\t\t\t<a href=\"https:\/\/www.behance.net\/r3yd4vid\/\" target=\"_blank\" rel=\"noopener \" aria-label=\"Behance\" class=\"e-link-in-bio__icon-link\">\n\t\t\t\t\t\t<span class=\"e-link-in-bio__icon-svg\">\n\t\t\t\t\t\t\t<svg aria-hidden=\"true\" class=\"e-font-icon-svg e-fab-behance\" viewBox=\"0 0 576 512\" xmlns=\"http:\/\/www.w3.org\/2000\/svg\"><path d=\"M232 237.2c31.8-15.2 48.4-38.2 48.4-74 0-70.6-52.6-87.8-113.3-87.8H0v354.4h171.8c64.4 0 124.9-30.9 124.9-102.9 0-44.5-21.1-77.4-64.7-89.7zM77.9 135.9H151c28.1 0 53.4 7.9 53.4 40.5 0 30.1-19.7 42.2-47.5 42.2h-79v-82.7zm83.3 233.7H77.9V272h84.9c34.3 0 56 14.3 56 50.6 0 35.8-25.9 47-57.6 47zm358.5-240.7H376V94h143.7v34.9zM576 305.2c0-75.9-44.4-139.2-124.9-139.2-78.2 0-131.3 58.8-131.3 135.8 0 79.9 50.3 134.7 131.3 134.7 61.3 0 101-27.6 120.1-86.3H509c-6.7 21.9-34.3 33.5-55.7 33.5-41.3 0-63-24.2-63-65.3h185.1c.3-4.2.6-8.7.6-13.2zM390.4 274c2.3-33.7 24.7-54.8 58.5-54.8 35.4 0 53.2 20.8 56.2 54.8H390.4z\"><\/path><\/svg>\t\t\t\t\t\t<\/span>\n\t\t\t\t\t\t\t\t\t\t\t\t\t<span class=\"e-link-in-bio__icon-label\">\n\t\t\t\t\t\t\t\tBehance\t\t\t\t\t\t\t<\/span>\n\t\t\t\t\t\t\t\t\t\t\t<\/a>\n\t\t\t\t<\/div>\n\t\t\t\t\t<\/div>\n\t\t\n\t\t<div class=\"e-link-in-bio__ctas has-type-button\">\n\t\t\t\t\t\t\t<a class=\"e-link-in-bio__cta is-type-button has-corners-round\" href=\"https:\/\/wa.me\/+593960161755\">\n\t\t\t\t\t\t\t\t\t\t<span class=\"e-link-in-bio__cta-text\">\n\t\t\t\t\t\tEscribeme\t\t\t\t\t<\/span>\n\t\t\t\t<\/a>\n\t\t\t\t\t<\/div>\n\t\t\t\t\t<div class=\"e-link-in-bio__bio e-link-in-bio__bio--footer\">\n\t\t\t\t<h3 class=\"e-link-in-bio__about-heading\">About Me<\/h3>\t\t\t\t<p class=\"e-link-in-bio__description\">I combine my love for technology, design, and electronics to create beautiful works of art \ud83d\ude42<\/p>\t\t\t<\/div>\n\t\t\t\n\t\t\t<\/div>\n\t\t\t<div class=\"e-link-in-bio__bg\">\n\t\t\t\t<div class=\"e-link-in-bio__bg-overlay\"><\/div>\n\t\t\t<\/div>\n\t\t<\/div>\n\t\t\t\t\t\t<\/div>\n\t\t\t\t<\/div>\n\t\t\t\t\t<\/div>\n\t\t\t\t<\/div>\n\t\t\t\t<\/div>\n\t\t","protected":false},"excerpt":{"rendered":"<p>aldea digital el mundo en tus manos ELECTR\u00d3NICA TECNOLOG\u00cdA TELECOMUNICACIONES CYBERSEGURIDAD MARKETING DIGITAL WHATSAPP ALDEA DIGITAL expertos en dise\u00f1o y desarrollo de soluciones digitales de alto nivel en entornos web y aplicaciones m\u00f3viles, con especial atenci\u00f3n a la creaci\u00f3n de interfaces de usuario intuitivas, identidad corporativa y comunicaci\u00f3n visual estrat\u00e9gica. Mi objetivo es generar experiencias \u00fanicas, accesibles y memorables, que reflejen la esencia de cada marca y fortalezcan su relaci\u00f3n con el p\u00fablico. A lo largo de mi trayectoria, he perfeccionado la capacidad de transformar identidades y potenciar marcas mediante propuestas creativas y efectivas que conectan con las audiencias de manera aut\u00e9ntica. Mi enfoque se basa en la innovaci\u00f3n constante, la b\u00fasqueda de eficiencia y la colaboraci\u00f3n multidisciplinaria como pilares para alcanzar resultados s\u00f3lidos. Cuento con una amplia experiencia en dise\u00f1o de identidad visual, interfaces digitales, marketing digital, sitios web y proyectos de dise\u00f1o gr\u00e1fico integral, siempre orientados a aportar valor y diferenciaci\u00f3n en cada proyecto. David King Electronics, Design, Technology&#8230; WhatsApp Instagram Facebook Behance Escribeme About Me I combine my love for technology, design, and electronics to create beautiful works of art \ud83d\ude42<\/p>\n","protected":false},"author":1,"featured_media":0,"parent":0,"menu_order":0,"comment_status":"closed","ping_status":"closed","template":"","meta":{"ocean_post_layout":"","ocean_both_sidebars_style":"","ocean_both_sidebars_content_width":0,"ocean_both_sidebars_sidebars_width":0,"ocean_sidebar":"","ocean_second_sidebar":"","ocean_disable_margins":"enable","ocean_add_body_class":"","ocean_shortcode_before_top_bar":"","ocean_shortcode_after_top_bar":"","ocean_shortcode_before_header":"","ocean_shortcode_after_header":"","ocean_has_shortcode":"","ocean_shortcode_after_title":"","ocean_shortcode_before_footer_widgets":"","ocean_shortcode_after_footer_widgets":"","ocean_shortcode_before_footer_bottom":"","ocean_shortcode_after_footer_bottom":"","ocean_display_top_bar":"default","ocean_display_header":"default","ocean_header_style":"","ocean_center_header_left_menu":"","ocean_custom_header_template":"","ocean_custom_logo":0,"ocean_custom_retina_logo":0,"ocean_custom_logo_max_width":0,"ocean_custom_logo_tablet_max_width":0,"ocean_custom_logo_mobile_max_width":0,"ocean_custom_logo_max_height":0,"ocean_custom_logo_tablet_max_height":0,"ocean_custom_logo_mobile_max_height":0,"ocean_header_custom_menu":"","ocean_menu_typo_font_family":"","ocean_menu_typo_font_subset":"","ocean_menu_typo_font_size":0,"ocean_menu_typo_font_size_tablet":0,"ocean_menu_typo_font_size_mobile":0,"ocean_menu_typo_font_size_unit":"px","ocean_menu_typo_font_weight":"","ocean_menu_typo_font_weight_tablet":"","ocean_menu_typo_font_weight_mobile":"","ocean_menu_typo_transform":"","ocean_menu_typo_transform_tablet":"","ocean_menu_typo_transform_mobile":"","ocean_menu_typo_line_height":0,"ocean_menu_typo_line_height_tablet":0,"ocean_menu_typo_line_height_mobile":0,"ocean_menu_typo_line_height_unit":"","ocean_menu_typo_spacing":0,"ocean_menu_typo_spacing_tablet":0,"ocean_menu_typo_spacing_mobile":0,"ocean_menu_typo_spacing_unit":"","ocean_menu_link_color":"","ocean_menu_link_color_hover":"","ocean_menu_link_color_active":"","ocean_menu_link_background":"","ocean_menu_link_hover_background":"","ocean_menu_link_active_background":"","ocean_menu_social_links_bg":"","ocean_menu_social_hover_links_bg":"","ocean_menu_social_links_color":"","ocean_menu_social_hover_links_color":"","ocean_disable_title":"default","ocean_disable_heading":"default","ocean_post_title":"","ocean_post_subheading":"","ocean_post_title_style":"","ocean_post_title_background_color":"","ocean_post_title_background":0,"ocean_post_title_bg_image_position":"","ocean_post_title_bg_image_attachment":"","ocean_post_title_bg_image_repeat":"","ocean_post_title_bg_image_size":"","ocean_post_title_height":0,"ocean_post_title_bg_overlay":0.5,"ocean_post_title_bg_overlay_color":"","ocean_disable_breadcrumbs":"default","ocean_breadcrumbs_color":"","ocean_breadcrumbs_separator_color":"","ocean_breadcrumbs_links_color":"","ocean_breadcrumbs_links_hover_color":"","ocean_display_footer_widgets":"default","ocean_display_footer_bottom":"default","ocean_custom_footer_template":"","footnotes":""},"class_list":["post-2639","page","type-page","status-publish","hentry","entry","owp-thumbs-layout-horizontal","owp-btn-normal","owp-tabs-layout-section","has-no-thumbnails"],"_links":{"self":[{"href":"https:\/\/ishopec.com\/index.php?rest_route=\/wp\/v2\/pages\/2639","targetHints":{"allow":["GET"]}}],"collection":[{"href":"https:\/\/ishopec.com\/index.php?rest_route=\/wp\/v2\/pages"}],"about":[{"href":"https:\/\/ishopec.com\/index.php?rest_route=\/wp\/v2\/types\/page"}],"author":[{"embeddable":true,"href":"https:\/\/ishopec.com\/index.php?rest_route=\/wp\/v2\/users\/1"}],"replies":[{"embeddable":true,"href":"https:\/\/ishopec.com\/index.php?rest_route=%2Fwp%2Fv2%2Fcomments&post=2639"}],"version-history":[{"count":5,"href":"https:\/\/ishopec.com\/index.php?rest_route=\/wp\/v2\/pages\/2639\/revisions"}],"predecessor-version":[{"id":2658,"href":"https:\/\/ishopec.com\/index.php?rest_route=\/wp\/v2\/pages\/2639\/revisions\/2658"}],"wp:attachment":[{"href":"https:\/\/ishopec.com\/index.php?rest_route=%2Fwp%2Fv2%2Fmedia&parent=2639"}],"curies":[{"name":"wp","href":"https:\/\/api.w.org\/{rel}","templated":true}]}}