{"id":2539,"date":"2025-12-19T17:09:18","date_gmt":"2025-12-19T22:09:18","guid":{"rendered":"https:\/\/ishopec.com\/?page_id=2539"},"modified":"2026-01-21T21:05:12","modified_gmt":"2026-01-22T02:05:12","slug":"contactos","status":"publish","type":"page","link":"https:\/\/ishopec.com\/?page_id=2539","title":{"rendered":"Contactos"},"content":{"rendered":"\t\t<div data-elementor-type=\"wp-page\" data-elementor-id=\"2539\" class=\"elementor elementor-2539\" data-elementor-post-type=\"page\">\n\t\t\t\t\t\t<section class=\"elementor-section elementor-top-section elementor-element elementor-element-5a6d1470 elementor-section-height-full elementor-section-stretched elementor-section-boxed elementor-section-height-default elementor-section-items-middle wpr-particle-no wpr-jarallax-no wpr-parallax-no wpr-sticky-section-no\" data-id=\"5a6d1470\" data-element_type=\"section\" data-e-type=\"section\" data-settings=\"{&quot;background_background&quot;:&quot;classic&quot;,&quot;stretch_section&quot;:&quot;section-stretched&quot;}\">\n\t\t\t\t\t\t\t<div class=\"elementor-background-overlay\"><\/div>\n\t\t\t\t\t\t\t<div class=\"elementor-container elementor-column-gap-no\">\n\t\t\t\t\t<div class=\"elementor-column elementor-col-100 elementor-top-column elementor-element elementor-element-2f1612a7\" data-id=\"2f1612a7\" data-element_type=\"column\" data-e-type=\"column\">\n\t\t\t<div class=\"elementor-widget-wrap elementor-element-populated\">\n\t\t\t\t\t\t<div class=\"elementor-element elementor-element-3e45b96f elementor-widget elementor-widget-heading\" data-id=\"3e45b96f\" data-element_type=\"widget\" data-e-type=\"widget\" data-widget_type=\"heading.default\">\n\t\t\t\t\t<h2 class=\"elementor-heading-title elementor-size-default\">aldea digital<\/h2>\t\t\t\t<\/div>\n\t\t\t\t<div class=\"elementor-element elementor-element-74f41720 elementor-widget elementor-widget-heading\" data-id=\"74f41720\" data-element_type=\"widget\" data-e-type=\"widget\" data-widget_type=\"heading.default\">\n\t\t\t\t\t<h4 class=\"elementor-heading-title elementor-size-small\">el mundo en tus manos<\/h4>\t\t\t\t<\/div>\n\t\t\t\t<div class=\"elementor-element elementor-element-c2e14c6 elementor-widget elementor-widget-heading\" data-id=\"c2e14c6\" data-element_type=\"widget\" data-e-type=\"widget\" data-widget_type=\"heading.default\">\n\t\t\t\t\t<h2 class=\"elementor-heading-title elementor-size-xxl\">ELECTR\u00d3NICA  TECNOLOG\u00cdA TELECOMUNICACIONES CYBERSEGURIDAD MARKETING DIGITAL <\/h2>\t\t\t\t<\/div>\n\t\t\t\t<div class=\"elementor-element elementor-element-7dc48295 elementor-widget elementor-widget-ucaddon_neon_glowing_button_effect\" data-id=\"7dc48295\" data-element_type=\"widget\" data-e-type=\"widget\" data-widget_type=\"ucaddon_neon_glowing_button_effect.default\">\n\t\t\t\t<div class=\"elementor-widget-container\">\n\t\t\t\t\t\n<!-- start Neon Glowing Button Effect -->\n\t\t<link id='font-awesome-css' href='https:\/\/ishopec.com\/wp-content\/plugins\/unlimited-elements-for-elementor-premium\/assets_libraries\/font-awesome6\/fontawesome-all.min.css' type='text\/css' rel='stylesheet' >\n\t\t<link id='font-awesome-4-shim-css' href='https:\/\/ishopec.com\/wp-content\/plugins\/unlimited-elements-for-elementor-premium\/assets_libraries\/font-awesome6\/fontawesome-v4-shims.min.css' type='text\/css' rel='stylesheet' >\n\n<style>\/* widget: Neon Glowing Button Effect *\/\n\n#uc_neon_glowing_button_effect_elementor_7dc48295{\n  position: relative;\n  z-index:1;\n}\n#uc_neon_glowing_button_effect_elementor_7dc48295 *{\n    margin: 0;\n}\n#uc_neon_glowing_button_effect_elementor_7dc48295.ue_neon_btn_wrapper{\n  display: flex;\n  justify-content: center;\n  align-items: center;\n  gap:50px;\n}\n#uc_neon_glowing_button_effect_elementor_7dc48295 .ue_neon_btn {\n  display: flex;\n  flex-direction:row;\n  justify-content: center;\n  align-items: center;\n  position: relative;\n  border-radius: 22px;\n  overflow:visible;\n  transition: 0.5s;\n}\n\n#uc_neon_glowing_button_effect_elementor_7dc48295 .ue_neon_btn:after {\n  content: '';\n  position: absolute;\n  box-sizing:content-box;\n  border-radius: calc(22px + 3px);\n  width: 100%;\n  height: 100%;\n  translate: -50% -50%;\n  left: 50%;\n  top: 50%;\n  z-index: -1;\n  animation: rotateuc_neon_glowing_button_effect_elementor_7dc48295 2000ms linear infinite;\n  padding: 3px;\n  --angle: 0deg;\n  filter: hue-rotate(var(--hueuc_neon_glowing_button_effect_elementor_7dc48295));\n  background: conic-gradient(from var(--angle) ,\n              #ff003700 100deg,\n      #3be8e5 215deg,\n      #457D52 360deg\n      );\n  transition: all 0.5s;\n}\n\n#uc_neon_glowing_button_effect_elementor_7dc48295 .ue_neon_btn:before {\n  content: '';\n  position: absolute;\n  box-sizing:content-box;\n  border-radius: 22px;\n  width: 100%;\n  height: 100%;\n  translate: -50% -50%;\n  left: 50%;\n  top: 50%;\n  z-index: -2;\n  transition: all 0.5s;\n  animation: rotateuc_neon_glowing_button_effect_elementor_7dc48295 2000ms linear infinite;\n  filter: blur(30px) brightness(1) hue-rotate(var(--hueuc_neon_glowing_button_effect_elementor_7dc48295)) ;\n    -webkit-backface-visibility: hidden;\n-moz-backface-visibility: hidden;\n  -webkit-transform: translate3d(0, 0, 0);\n-moz-transform: translate3d(0, 0, 0);\n  background: conic-gradient(from var(--angle),\n              #ff003700 150deg,\n      #3be8e5 230deg,\n      #457D52 360deg\n      );\n}\n\n\n@property --angle {\n  syntax: '<angle>';\n  initial-value: 0deg;\n  inherits: false;\n}\n@property --hueuc_neon_glowing_button_effect_elementor_7dc48295 {\n  syntax: '<angle>';\n  initial-value: 0deg;\n  inherits: false;\n}\n@keyframes rotateuc_neon_glowing_button_effect_elementor_7dc48295 {\n  0% {\n    --angle: 0deg;\n     --hueuc_neon_glowing_button_effect_elementor_7dc48295: -50deg;  }\n  50% { \n    --hueuc_neon_glowing_button_effect_elementor_7dc48295: 50deg;  }\n  100% { \n    --angle: 360deg;\n    --hueuc_neon_glowing_button_effect_elementor_7dc48295: -50deg;  }\n}\n\n\/* hover *\/\n#uc_neon_glowing_button_effect_elementor_7dc48295 .ue_neon_btn:hover:before,\n#uc_neon_glowing_button_effect_elementor_7dc48295 .ue_neon_btn:hover:after{\n  transition: all 0.5s;\n  animation-play-state: paused;\n  background: conic-gradient(from var(--angle),\n              #457D52 0deg,\n      #457D52 360deg\n      );\n}\n\n#uc_neon_glowing_button_effect_elementor_7dc48295 .ue-btn svg\n{\n  height:1em;\n  width:1em;\n}\n\n<\/style>\n\n<div id=\"uc_neon_glowing_button_effect_elementor_7dc48295\" class=\"ue_neon_btn_wrapper elementor-animation-pulse\">\n  <a href=\"https:\/\/api.whatsapp.com\/send?phone=593960161755\"  class=\"ue_neon_btn\">\n        WHATSAPP\n      <\/a>\n<\/div>\n<!-- end Neon Glowing Button Effect -->\t\t\t\t<\/div>\n\t\t\t\t<\/div>\n\t\t\t\t\t<\/div>\n\t\t<\/div>\n\t\t\t\t\t<\/div>\n\t\t<\/section>\n\t\t<div class=\"elementor-element elementor-element-25db4214 e-flex e-con-boxed wpr-particle-no wpr-jarallax-no wpr-parallax-no wpr-sticky-section-no e-con e-parent\" data-id=\"25db4214\" data-element_type=\"container\" data-e-type=\"container\">\n\t\t\t\t\t<div class=\"e-con-inner\">\n\t\t\t\t<div class=\"elementor-element elementor-element-4734442e elementor-widget elementor-widget-text-editor\" data-id=\"4734442e\" data-element_type=\"widget\" data-e-type=\"widget\" data-widget_type=\"text-editor.default\">\n\t\t\t\t\t\t\t\t\t<h1 style=\"text-align: center;\"><span style=\"color: #ffffff;\">Nuestro objetivo es proporcionar soluciones inform\u00e1ticas y de gesti\u00f3n adecuadas a cada cliente, usando tecnolog\u00edas y metodolog\u00edas avanzadas. Sistemas y software desarrollados por personal altamente cualificado que satisfacen las necesidades del cliente, cumpliendo criterios de eficacia, calidad, competitividad y rentabilidad.<\/span><\/h1><h1 class=\"final\" style=\"text-align: center;\"><span style=\"color: #ffffff;\">Nuestra atenci\u00f3n al cliente, y el constante compromiso con la calidad y nuestra experiencia profesional abanderan el constante avance de la compa\u00f1\u00eda.<\/span><\/h1><h1 class=\"textoValor\" style=\"text-align: center;\"><span style=\"color: #ffffff;\">Si algo garantiza los resultados de nuestro trabajo es nuestra alta responsabilidad en la gesti\u00f3n de los proyectos, con una planificaci\u00f3n y control constantes, siguiendo modernas metodolog\u00edas y tomando como base altos est\u00e1ndares de calidad.<\/span><\/h1>\t\t\t\t\t\t\t\t<\/div>\n\t\t\t\t\t<\/div>\n\t\t\t\t<\/div>\n\t\t\t\t<section class=\"elementor-section elementor-top-section elementor-element elementor-element-688847bd elementor-section-boxed elementor-section-height-default elementor-section-height-default wpr-particle-no wpr-jarallax-no wpr-parallax-no wpr-sticky-section-no\" data-id=\"688847bd\" data-element_type=\"section\" data-e-type=\"section\">\n\t\t\t\t\t\t<div class=\"elementor-container elementor-column-gap-default\">\n\t\t\t\t\t<div class=\"elementor-column elementor-col-33 elementor-top-column elementor-element elementor-element-7af9ca27\" data-id=\"7af9ca27\" data-element_type=\"column\" data-e-type=\"column\">\n\t\t\t<div class=\"elementor-widget-wrap elementor-element-populated\">\n\t\t\t\t\t\t<div class=\"elementor-element elementor-element-72bd663d elementor-widget elementor-widget-heading\" data-id=\"72bd663d\" data-element_type=\"widget\" data-e-type=\"widget\" data-widget_type=\"heading.default\">\n\t\t\t\t\t<h2 class=\"elementor-heading-title elementor-size-default\">CONTACTOS \nCONSULTAS \nRECLAMOS \nSUGERENCIAS\nAGRADECIEMIENTOS<\/h2>\t\t\t\t<\/div>\n\t\t\t\t\t<\/div>\n\t\t<\/div>\n\t\t\t\t<div class=\"elementor-column elementor-col-33 elementor-top-column elementor-element elementor-element-7d73f85a\" data-id=\"7d73f85a\" data-element_type=\"column\" data-e-type=\"column\">\n\t\t\t<div class=\"elementor-widget-wrap elementor-element-populated\">\n\t\t\t\t\t\t<div class=\"elementor-element elementor-element-24b3627 elementor-widget elementor-widget-ucaddon_neon_glowing_button_effect\" data-id=\"24b3627\" data-element_type=\"widget\" data-e-type=\"widget\" data-widget_type=\"ucaddon_neon_glowing_button_effect.default\">\n\t\t\t\t<div class=\"elementor-widget-container\">\n\t\t\t\t\t\n<!-- start Neon Glowing Button Effect -->\n\n<style>\/* widget: Neon Glowing Button Effect *\/\n\n#uc_neon_glowing_button_effect_elementor_24b3627{\n  position: relative;\n  z-index:1;\n}\n#uc_neon_glowing_button_effect_elementor_24b3627 *{\n    margin: 0;\n}\n#uc_neon_glowing_button_effect_elementor_24b3627.ue_neon_btn_wrapper{\n  display: flex;\n  justify-content: center;\n  align-items: center;\n  gap:50px;\n}\n#uc_neon_glowing_button_effect_elementor_24b3627 .ue_neon_btn {\n  display: flex;\n  flex-direction:row;\n  justify-content: center;\n  align-items: center;\n  position: relative;\n  border-radius: 22px;\n  overflow:visible;\n  transition: 0.5s;\n}\n\n#uc_neon_glowing_button_effect_elementor_24b3627 .ue_neon_btn:after {\n  content: '';\n  position: absolute;\n  box-sizing:content-box;\n  border-radius: calc(22px + 3px);\n  width: 100%;\n  height: 100%;\n  translate: -50% -50%;\n  left: 50%;\n  top: 50%;\n  z-index: -1;\n  animation: rotateuc_neon_glowing_button_effect_elementor_24b3627 2000ms linear infinite;\n  padding: 3px;\n  --angle: 0deg;\n  filter: hue-rotate(var(--hueuc_neon_glowing_button_effect_elementor_24b3627));\n  background: conic-gradient(from var(--angle) ,\n              #ff003700 100deg,\n      #6F0D0D 215deg,\n      #7D4545 360deg\n      );\n  transition: all 0.5s;\n}\n\n#uc_neon_glowing_button_effect_elementor_24b3627 .ue_neon_btn:before {\n  content: '';\n  position: absolute;\n  box-sizing:content-box;\n  border-radius: 22px;\n  width: 100%;\n  height: 100%;\n  translate: -50% -50%;\n  left: 50%;\n  top: 50%;\n  z-index: -2;\n  transition: all 0.5s;\n  animation: rotateuc_neon_glowing_button_effect_elementor_24b3627 2000ms linear infinite;\n  filter: blur(30px) brightness(1) hue-rotate(var(--hueuc_neon_glowing_button_effect_elementor_24b3627)) ;\n    -webkit-backface-visibility: hidden;\n-moz-backface-visibility: hidden;\n  -webkit-transform: translate3d(0, 0, 0);\n-moz-transform: translate3d(0, 0, 0);\n  background: conic-gradient(from var(--angle),\n              #ff003700 150deg,\n      #6F0D0D 230deg,\n      #7D4545 360deg\n      );\n}\n\n\n@property --angle {\n  syntax: '<angle>';\n  initial-value: 0deg;\n  inherits: false;\n}\n@property --hueuc_neon_glowing_button_effect_elementor_24b3627 {\n  syntax: '<angle>';\n  initial-value: 0deg;\n  inherits: false;\n}\n@keyframes rotateuc_neon_glowing_button_effect_elementor_24b3627 {\n  0% {\n    --angle: 0deg;\n     --hueuc_neon_glowing_button_effect_elementor_24b3627: -50deg;  }\n  50% { \n    --hueuc_neon_glowing_button_effect_elementor_24b3627: 50deg;  }\n  100% { \n    --angle: 360deg;\n    --hueuc_neon_glowing_button_effect_elementor_24b3627: -50deg;  }\n}\n\n\/* hover *\/\n#uc_neon_glowing_button_effect_elementor_24b3627 .ue_neon_btn:hover:before,\n#uc_neon_glowing_button_effect_elementor_24b3627 .ue_neon_btn:hover:after{\n  transition: all 0.5s;\n  animation-play-state: paused;\n  background: conic-gradient(from var(--angle),\n              #7D4545 0deg,\n      #7D4545 360deg\n      );\n}\n\n#uc_neon_glowing_button_effect_elementor_24b3627 .ue-btn svg\n{\n  height:1em;\n  width:1em;\n}\n\n<\/style>\n\n<div id=\"uc_neon_glowing_button_effect_elementor_24b3627\" class=\"ue_neon_btn_wrapper elementor-animation-pulse\">\n  <a href=\"https:\/\/api.whatsapp.com\/send?phone=593960161755\"  class=\"ue_neon_btn\">\n        WHATSAPP\n      <\/a>\n<\/div>\n<!-- end Neon Glowing Button Effect -->\t\t\t\t<\/div>\n\t\t\t\t<\/div>\n\t\t\t\t\t<\/div>\n\t\t<\/div>\n\t\t\t\t<div class=\"elementor-column elementor-col-33 elementor-top-column elementor-element elementor-element-17ccb65b\" data-id=\"17ccb65b\" data-element_type=\"column\" data-e-type=\"column\">\n\t\t\t<div class=\"elementor-widget-wrap elementor-element-populated\">\n\t\t\t\t\t\t<div class=\"elementor-element elementor-element-2fdef8e1 elementor-author-box--layout-image-left elementor-author-box--align-center elementor-widget elementor-widget-author-box\" data-id=\"2fdef8e1\" data-element_type=\"widget\" data-e-type=\"widget\" data-widget_type=\"author-box.default\">\n\t\t\t\t\t\t\t<div class=\"elementor-author-box\">\r\n\t\t\t\t\t\t\t<div  class=\"elementor-author-box__avatar\">\r\n\t\t\t\t\t<img decoding=\"async\" src=\"https:\/\/ishopec.com\/wp-content\/uploads\/2025\/12\/logo-phoenix-illustration-phoenix-logo-vector-design-3d0c84390b32d34d5a7cced56102fe1e-300x279.png\" alt=\"Author picture\" loading=\"lazy\">\r\n\t\t\t\t<\/div>\r\n\t\t\t\r\n\t\t\t<div class=\"elementor-author-box__text\">\r\n\t\t\t\t\r\n\t\t\t\t\t\t\t\t\t<div class=\"elementor-author-box__bio\">\r\n\t\t\t\t\t\t<p>KING SHOP<br \/>\n2026<\/p>\n\t\t\t\t\t<\/div>\r\n\t\t\t\t\r\n\t\t\t\t\t\t\t<\/div>\r\n\t\t<\/div>\r\n\t\t\t\t\t\t<\/div>\n\t\t\t\t\t<\/div>\n\t\t<\/div>\n\t\t\t\t\t<\/div>\n\t\t<\/section>\n\t\t<div class=\"elementor-element elementor-element-4a64177e e-flex e-con-boxed wpr-particle-no wpr-jarallax-no wpr-parallax-no wpr-sticky-section-no e-con e-parent\" data-id=\"4a64177e\" data-element_type=\"container\" data-e-type=\"container\">\n\t\t\t\t\t<div class=\"e-con-inner\">\n\t\t\t\t<div class=\"elementor-element elementor-element-24a3fadf elementor-widget elementor-widget-ucaddon_ue_scroll_to_top\" data-id=\"24a3fadf\" data-element_type=\"widget\" data-e-type=\"widget\" data-widget_type=\"ucaddon_ue_scroll_to_top.default\">\n\t\t\t\t<div class=\"elementor-widget-container\">\n\t\t\t\t\t\n<!-- start Scroll To Top -->\n\n<style>\/* widget: Scroll To Top *\/\n\n#uc_ue_scroll_to_top_elementor_24a3fadf.ue-scroll-to {\n    display: flex;\n   z-index: auto;\n  \n}\n#uc_ue_scroll_to_top_elementor_24a3fadf .ue-scroll-to-cta {\n  cursor: pointer;\n  display: flex;\n  position: relative;\n  transition: all 400ms ease-in-out;\n  align-content:center;\n  justify-content:center;\n  flex-direction:column;\n  text-align:center;\n}\n#uc_ue_scroll_to_top_elementor_24a3fadf .ue-scroll-to-cta .ue-scroll-to-icon {\n  line-height:1em;\n  margin:0 auto;\n}\n\n#uc_ue_scroll_to_top_elementor_24a3fadf .ue-scroll-to-cta .ue-scroll-to-icon svg {\n  height:1em; \n  width:1em; \n}\n\n.ue-scroll-to-cta \n#uc_ue_scroll_to_top_elementor_24a3fadf .ue-scroll-to-icon {\n  position: relative;\n}\n\n#uc_ue_scroll_to_top_elementor_24a3fadf .ue-scroll-to-icon:hover {\n  cursor: pointer;\n}\n.ue-snap-v-middle{\n  top:50%;\n}\n.ue-scroll-to-text\n{\n  font-size:10px;\n}\n\n\t\n\t\t\n\t\n\t\n\t\n\t\n\t\n\t\n\n<\/style>\n\n<div id=\"uc_ue_scroll_to_top_elementor_24a3fadf\" class=\"ue-scroll-to ue-snap-v-bottom ue-snap-h-right\">\n      <div class=\"ue-scroll-to-cta none\">\n          <div class=\"ue-scroll-to-icon\"><i class='fas fa-arrow-up'><\/i><\/div>\n          \t\n      <\/div>\n<\/div>\n<!-- end Scroll To Top -->\t\t\t\t<\/div>\n\t\t\t\t<\/div>\n\t\t\t\t\t<\/div>\n\t\t\t\t<\/div>\n\t\t\t\t<\/div>\n\t\t","protected":false},"excerpt":{"rendered":"<p>aldea digital el mundo en tus manos ELECTR\u00d3NICA TECNOLOG\u00cdA TELECOMUNICACIONES CYBERSEGURIDAD MARKETING DIGITAL WHATSAPP Nuestro objetivo es proporcionar soluciones inform\u00e1ticas y de gesti\u00f3n adecuadas a cada cliente, usando tecnolog\u00edas y metodolog\u00edas avanzadas. Sistemas y software desarrollados por personal altamente cualificado que satisfacen las necesidades del cliente, cumpliendo criterios de eficacia, calidad, competitividad y rentabilidad. Nuestra atenci\u00f3n al cliente, y el constante compromiso con la calidad y nuestra experiencia profesional abanderan el constante avance de la compa\u00f1\u00eda. Si algo garantiza los resultados de nuestro trabajo es nuestra alta responsabilidad en la gesti\u00f3n de los proyectos, con una planificaci\u00f3n y control constantes, siguiendo modernas metodolog\u00edas y tomando como base altos est\u00e1ndares de calidad. CONTACTOS CONSULTAS RECLAMOS SUGERENCIAS AGRADECIEMIENTOS WHATSAPP<\/p>\n","protected":false},"author":1,"featured_media":0,"parent":0,"menu_order":0,"comment_status":"closed","ping_status":"closed","template":"","meta":{"ocean_post_layout":"","ocean_both_sidebars_style":"","ocean_both_sidebars_content_width":0,"ocean_both_sidebars_sidebars_width":0,"ocean_sidebar":"","ocean_second_sidebar":"","ocean_disable_margins":"enable","ocean_add_body_class":"","ocean_shortcode_before_top_bar":"","ocean_shortcode_after_top_bar":"","ocean_shortcode_before_header":"","ocean_shortcode_after_header":"","ocean_has_shortcode":"","ocean_shortcode_after_title":"","ocean_shortcode_before_footer_widgets":"","ocean_shortcode_after_footer_widgets":"","ocean_shortcode_before_footer_bottom":"","ocean_shortcode_after_footer_bottom":"","ocean_display_top_bar":"default","ocean_display_header":"default","ocean_header_style":"","ocean_center_header_left_menu":"","ocean_custom_header_template":"","ocean_custom_logo":0,"ocean_custom_retina_logo":0,"ocean_custom_logo_max_width":0,"ocean_custom_logo_tablet_max_width":0,"ocean_custom_logo_mobile_max_width":0,"ocean_custom_logo_max_height":0,"ocean_custom_logo_tablet_max_height":0,"ocean_custom_logo_mobile_max_height":0,"ocean_header_custom_menu":"","ocean_menu_typo_font_family":"","ocean_menu_typo_font_subset":"","ocean_menu_typo_font_size":0,"ocean_menu_typo_font_size_tablet":0,"ocean_menu_typo_font_size_mobile":0,"ocean_menu_typo_font_size_unit":"px","ocean_menu_typo_font_weight":"","ocean_menu_typo_font_weight_tablet":"","ocean_menu_typo_font_weight_mobile":"","ocean_menu_typo_transform":"","ocean_menu_typo_transform_tablet":"","ocean_menu_typo_transform_mobile":"","ocean_menu_typo_line_height":0,"ocean_menu_typo_line_height_tablet":0,"ocean_menu_typo_line_height_mobile":0,"ocean_menu_typo_line_height_unit":"","ocean_menu_typo_spacing":0,"ocean_menu_typo_spacing_tablet":0,"ocean_menu_typo_spacing_mobile":0,"ocean_menu_typo_spacing_unit":"","ocean_menu_link_color":"","ocean_menu_link_color_hover":"","ocean_menu_link_color_active":"","ocean_menu_link_background":"","ocean_menu_link_hover_background":"","ocean_menu_link_active_background":"","ocean_menu_social_links_bg":"","ocean_menu_social_hover_links_bg":"","ocean_menu_social_links_color":"","ocean_menu_social_hover_links_color":"","ocean_disable_title":"default","ocean_disable_heading":"default","ocean_post_title":"","ocean_post_subheading":"","ocean_post_title_style":"","ocean_post_title_background_color":"","ocean_post_title_background":0,"ocean_post_title_bg_image_position":"","ocean_post_title_bg_image_attachment":"","ocean_post_title_bg_image_repeat":"","ocean_post_title_bg_image_size":"","ocean_post_title_height":0,"ocean_post_title_bg_overlay":0.5,"ocean_post_title_bg_overlay_color":"","ocean_disable_breadcrumbs":"default","ocean_breadcrumbs_color":"","ocean_breadcrumbs_separator_color":"","ocean_breadcrumbs_links_color":"","ocean_breadcrumbs_links_hover_color":"","ocean_display_footer_widgets":"default","ocean_display_footer_bottom":"default","ocean_custom_footer_template":"","footnotes":""},"class_list":["post-2539","page","type-page","status-publish","hentry","entry","owp-thumbs-layout-horizontal","owp-btn-normal","owp-tabs-layout-section","has-no-thumbnails"],"_links":{"self":[{"href":"https:\/\/ishopec.com\/index.php?rest_route=\/wp\/v2\/pages\/2539","targetHints":{"allow":["GET"]}}],"collection":[{"href":"https:\/\/ishopec.com\/index.php?rest_route=\/wp\/v2\/pages"}],"about":[{"href":"https:\/\/ishopec.com\/index.php?rest_route=\/wp\/v2\/types\/page"}],"author":[{"embeddable":true,"href":"https:\/\/ishopec.com\/index.php?rest_route=\/wp\/v2\/users\/1"}],"replies":[{"embeddable":true,"href":"https:\/\/ishopec.com\/index.php?rest_route=%2Fwp%2Fv2%2Fcomments&post=2539"}],"version-history":[{"count":13,"href":"https:\/\/ishopec.com\/index.php?rest_route=\/wp\/v2\/pages\/2539\/revisions"}],"predecessor-version":[{"id":2904,"href":"https:\/\/ishopec.com\/index.php?rest_route=\/wp\/v2\/pages\/2539\/revisions\/2904"}],"wp:attachment":[{"href":"https:\/\/ishopec.com\/index.php?rest_route=%2Fwp%2Fv2%2Fmedia&parent=2539"}],"curies":[{"name":"wp","href":"https:\/\/api.w.org\/{rel}","templated":true}]}}